{"id":5843,"date":"2024-10-15T21:41:34","date_gmt":"2024-10-15T19:41:34","guid":{"rendered":"https:\/\/www.tophlinik.sk\/kontakt\/"},"modified":"2025-06-16T18:42:17","modified_gmt":"2025-06-16T16:42:17","slug":"elerhetoseg","status":"publish","type":"page","link":"https:\/\/www.tophlinik.sk\/hu\/elerhetoseg\/","title":{"rendered":"El\u00e9rhet\u0151s\u00e9g"},"content":{"rendered":"\n\t<section class=\"section\" id=\"section_48295822\">\n\t\t<div class=\"section-bg fill\" >\n\t\t\t\t\t\t\t\t\t\n\t\t\t\n\n\t\t<\/div>\n\n\t\t\n\n\t\t<div class=\"section-content relative\">\n\t\t\t\n<div class=\"row\"  id=\"row-611303325\">\n\n\t<div id=\"col-191977516\" class=\"col small-12 large-12\"  >\n\t\t\t\t<div class=\"col-inner text-center\"  >\n\t\t\t\n\t\t\t\n\t<div id=\"text-3189667683\" class=\"text\">\n\t\t\n<h1><strong><span style=\"color: #272625;\">EL\u00c9RHET\u0150S\u00c9G<\/span><\/strong><\/h1>\n\t\t\n<style>\n#text-3189667683 {\n  font-size: 1.5rem;\n  line-height: 1;\n  text-align: center;\n}\n@media (min-width:550px) {\n  #text-3189667683 {\n    font-size: 2.5rem;\n  }\n}\n@media (min-width:850px) {\n  #text-3189667683 {\n    font-size: 1.5rem;\n  }\n}\n<\/style>\n\t<\/div>\n\t\n\t\t<\/div>\n\t\t\t\t\n<style>\n#col-191977516 > .col-inner {\n  margin: 0px 0px -80px 0px;\n}\n@media (min-width:850px) {\n  #col-191977516 > .col-inner {\n    margin: 0px 0px -80px 0px;\n  }\n}\n<\/style>\n\t<\/div>\n\n\t\n\n\t<div id=\"col-1882755899\" class=\"col small-12 large-12\"  >\n\t\t\t\t<div class=\"col-inner text-center\"  >\n\t\t\t\n\t\t\t\n<div class=\"text-center\"><div class=\"is-divider divider clearfix\" style=\"margin-top:2em;margin-bottom:2em;max-width:96px;height:8px;background-color:rgb(39, 38, 37);\"><\/div><\/div>\n\t\t<\/div>\n\t\t\t\t\t<\/div>\n\n\t\n<\/div>\n<div class=\"row align-center\"  id=\"row-1751798951\">\n\n\t<div id=\"col-1091282544\" class=\"col medium-10 small-12 large-4\"  >\n\t\t\t\t<div class=\"col-inner\"  >\n\t\t\t\n\t\t\t\n<div class=\"row align-center\"  id=\"row-319913123\">\n\n\t<div id=\"col-1031164003\" class=\"col medium-6 small-12 large-12\"  >\n\t\t\t\t<div class=\"col-inner\"  >\n\t\t\t\n\t\t\t\n\n\t\t<div class=\"icon-box featured-box icon-box-left text-left\"  >\n\t\t\t\t\t<div class=\"icon-box-img\" style=\"width: 30px\">\n\t\t\t\t<div class=\"icon\">\n\t\t\t\t\t<div class=\"icon-inner\" >\n\t\t\t\t\t\t<img loading=\"lazy\" decoding=\"async\" width=\"490\" height=\"490\" src=\"https:\/\/www.tophlinik.sk\/wp-content\/uploads\/placeholder-blue.svg\" class=\"attachment-medium size-medium\" alt=\"\" \/>\t\t\t\t\t<\/div>\n\t\t\t\t<\/div>\n\t\t\t<\/div>\n\t\t\t\t<div class=\"icon-box-text last-reset\">\n\t\t\t\t\t\t\t\t\t\n\t<div id=\"text-1808491580\" class=\"text\">\n\t\t\n<h4>C\u00edm\u00fcnk &#8211; Homonna<\/h4>\n<p>C\u00e9g\u00fcnk sz\u00e9khelye<\/p>\n\t\t\n<style>\n#text-1808491580 {\n  font-size: 1.2rem;\n}\n<\/style>\n\t<\/div>\n\t\n<p>N\u00e1mestie slobody 5725 \/ 69<br \/>066 01 Humenn\u00e9<br \/>Slovensko<\/p>\n\t\t<\/div>\n\t<\/div>\n\t\n\t\n\t<div id=\"gap-486539008\" class=\"gap-element clearfix\" style=\"display:block; height:auto;\">\n\t\t\n<style>\n#gap-486539008 {\n  padding-top: 30px;\n}\n<\/style>\n\t<\/div>\n\t\n\n\t\t<div class=\"icon-box featured-box icon-box-left text-left\"  >\n\t\t\t\t\t<div class=\"icon-box-img\" style=\"width: 30px\">\n\t\t\t\t<div class=\"icon\">\n\t\t\t\t\t<div class=\"icon-inner\" >\n\t\t\t\t\t\t<img loading=\"lazy\" decoding=\"async\" width=\"490\" height=\"490\" src=\"https:\/\/www.tophlinik.sk\/wp-content\/uploads\/placeholder-blue.svg\" class=\"attachment-medium size-medium\" alt=\"\" \/>\t\t\t\t\t<\/div>\n\t\t\t\t<\/div>\n\t\t\t<\/div>\n\t\t\t\t<div class=\"icon-box-text last-reset\">\n\t\t\t\t\t\t\t\t\t\n\t<div id=\"text-1107235974\" class=\"text\">\n\t\t\n<h4>C\u00edm\u00fcnk &#8211; Nitra<\/h4>\n<p>Az \u00e1ru \u00e1tv\u00e9tel\u00e9nek lehet\u0151s\u00e9ge<\/p>\n\t\t\n<style>\n#text-1107235974 {\n  font-size: 1.2rem;\n}\n<\/style>\n\t<\/div>\n\t\n<p>Nov\u00e9 Sady 131<br \/>951 24 Nov\u00e9 Sady<br \/>Slovensko<\/p>\n\t\t<\/div>\n\t<\/div>\n\t\n\t\n\t<div id=\"gap-656835965\" class=\"gap-element clearfix\" style=\"display:block; height:auto;\">\n\t\t\n<style>\n#gap-656835965 {\n  padding-top: 30px;\n}\n<\/style>\n\t<\/div>\n\t\n\t\t<\/div>\n\t\t\t\t\t<\/div>\n\n\t\n\n\t<div id=\"col-659262713\" class=\"col medium-6 small-12 large-12\"  >\n\t\t\t\t<div class=\"col-inner\"  >\n\t\t\t\n\t\t\t\n\n\t\t<div class=\"icon-box featured-box icon-box-left text-left\"  >\n\t\t\t\t\t<div class=\"icon-box-img\" style=\"width: 30px\">\n\t\t\t\t<div class=\"icon\">\n\t\t\t\t\t<div class=\"icon-inner\" >\n\t\t\t\t\t\t<img loading=\"lazy\" decoding=\"async\" width=\"512\" height=\"512\" src=\"https:\/\/www.tophlinik.sk\/wp-content\/uploads\/phone-call.svg\" class=\"attachment-medium size-medium\" alt=\"\" \/>\t\t\t\t\t<\/div>\n\t\t\t\t<\/div>\n\t\t\t<\/div>\n\t\t\t\t<div class=\"icon-box-text last-reset\">\n\t\t\t\t\t\t\t\t\t\n\t<div id=\"text-209056119\" class=\"text\">\n\t\t\n<h4>Telefon<\/h4>\n<p><a href=\"tel:+4210908042002\">+421 908 042 002<\/a><\/p>\n\t\t\n<style>\n#text-209056119 {\n  font-size: 1.2rem;\n}\n<\/style>\n\t<\/div>\n\t\n\t\t<\/div>\n\t<\/div>\n\t\n\t\n\t<div id=\"gap-1697260079\" class=\"gap-element clearfix\" style=\"display:block; height:auto;\">\n\t\t\n<style>\n#gap-1697260079 {\n  padding-top: 30px;\n}\n<\/style>\n\t<\/div>\n\t\n\n\t\t<div class=\"icon-box featured-box icon-box-left text-left\"  >\n\t\t\t\t\t<div class=\"icon-box-img\" style=\"width: 30px\">\n\t\t\t\t<div class=\"icon\">\n\t\t\t\t\t<div class=\"icon-inner\" >\n\t\t\t\t\t\t<img loading=\"lazy\" decoding=\"async\" width=\"433\" height=\"433\" src=\"https:\/\/www.tophlinik.sk\/wp-content\/uploads\/email.svg\" class=\"attachment-medium size-medium\" alt=\"\" \/>\t\t\t\t\t<\/div>\n\t\t\t\t<\/div>\n\t\t\t<\/div>\n\t\t\t\t<div class=\"icon-box-text last-reset\">\n\t\t\t\t\t\t\t\t\t\n\t<div id=\"text-4224180499\" class=\"text\">\n\t\t\n<h4>Email<\/h4>\n<p><a href=\"mailto:objednavky@tophlinik.sk\">objednavky@tophlinik.sk<\/a><br \/>\n\t\t\n<style>\n#text-4224180499 {\n  font-size: 1.2rem;\n  line-height: 1.55;\n}\n<\/style>\n\t<\/div>\n\t\n\t\t<\/div>\n\t<\/div>\n\t\n\t\n\t<div id=\"gap-1400558575\" class=\"gap-element clearfix\" style=\"display:block; height:auto;\">\n\t\t\n<style>\n#gap-1400558575 {\n  padding-top: 30px;\n}\n<\/style>\n\t<\/div>\n\t\n<div class=\"social-icons follow-icons\" style=\"font-size:160%\"><a href=\"https:\/\/www.facebook.com\/montter.sk\" target=\"_blank\" data-label=\"Facebook\" class=\"icon plain tooltip facebook\" title=\"K\u00f6vessen Facebookon\" aria-label=\"K\u00f6vessen Facebookon\" rel=\"noopener nofollow\"><i class=\"icon-facebook\" aria-hidden=\"true\"><\/i><\/a><a href=\"https:\/\/www.instagram.com\/montter.sk\/\" target=\"_blank\" data-label=\"Instagram\" class=\"icon plain tooltip instagram\" title=\"K\u00f6vessen Instagramon\" aria-label=\"K\u00f6vessen Instagramon\" rel=\"noopener nofollow\"><i class=\"icon-instagram\" aria-hidden=\"true\"><\/i><\/a><\/div>\n\t\t<\/div>\n\t\t\t\t\t<\/div>\n\n\t\n<\/div>\n\t\t<\/div>\n\t\t\t\t\t<\/div>\n\n\t\n\n\t<div id=\"col-990034078\" class=\"col medium-10 small-12 large-6\"  >\n\t\t\t\t<div class=\"col-inner\" style=\"background-color:rgb(246, 246, 246);\" >\n\t\t\t\n\t\t\t\n\t<div id=\"text-3229295005\" class=\"text\">\n\t\t\n<p><span style=\"color: #272625;\"><strong>KERESSEN FEL MINKET<\/strong><\/span><\/p>\n\t\t\n<style>\n#text-3229295005 {\n  font-size: 1.5rem;\n  line-height: 1;\n}\n<\/style>\n\t<\/div>\n\t\n\n\n<div class=\"wpcf7 no-js\" id=\"wpcf7-f2556-o1\" lang=\"hu-HU\" dir=\"ltr\" data-wpcf7-id=\"2556\">\n<div class=\"screen-reader-response\"><p role=\"status\" aria-live=\"polite\" aria-atomic=\"true\"><\/p> <ul><\/ul><\/div>\n<form action=\"\/hu\/wp-json\/wp\/v2\/pages\/5843#wpcf7-f2556-o1\" method=\"post\" class=\"wpcf7-form init\" aria-label=\"Kapcsolatfelv\u00e9teli \u0171rlap\" novalidate=\"novalidate\" data-status=\"init\">\n<fieldset class=\"hidden-fields-container\"><input type=\"hidden\" name=\"_wpcf7\" value=\"2556\" \/><input type=\"hidden\" name=\"_wpcf7_version\" value=\"6.1.4\" \/><input type=\"hidden\" name=\"_wpcf7_locale\" value=\"hu_HU\" \/><input type=\"hidden\" name=\"_wpcf7_unit_tag\" value=\"wpcf7-f2556-o1\" \/><input type=\"hidden\" name=\"_wpcf7_container_post\" value=\"0\" \/><input type=\"hidden\" name=\"_wpcf7_posted_data_hash\" value=\"\" \/>\n<\/fieldset>\n<p><label> N\u00e9v*<br \/>\n<span class=\"wpcf7-form-control-wrap\" data-name=\"your-name\"><input size=\"40\" maxlength=\"400\" class=\"wpcf7-form-control wpcf7-text wpcf7-validates-as-required\" autocomplete=\"name\" aria-required=\"true\" aria-invalid=\"false\" value=\"\" type=\"text\" name=\"your-name\" \/><\/span> <\/label>\n<\/p>\n<p><label> Email*<br \/>\n<span class=\"wpcf7-form-control-wrap\" data-name=\"your-email\"><input size=\"40\" maxlength=\"400\" class=\"wpcf7-form-control wpcf7-email wpcf7-validates-as-required wpcf7-text wpcf7-validates-as-email\" autocomplete=\"email\" aria-required=\"true\" aria-invalid=\"false\" value=\"\" type=\"email\" name=\"your-email\" \/><\/span> <\/label><br \/>\n<label> Telefonsz\u00e1m*<br \/>\n<span class=\"wpcf7-form-control-wrap\" data-name=\"tel-841\"><input size=\"40\" maxlength=\"400\" class=\"wpcf7-form-control wpcf7-tel wpcf7-validates-as-required wpcf7-text wpcf7-validates-as-tel\" aria-required=\"true\" aria-invalid=\"false\" placeholder=\"+421 901 123 456\" value=\"\" type=\"tel\" name=\"tel-841\" \/><\/span> <\/label>\n<\/p>\n<p><label> T\u00e1rgy*<br \/>\n<span class=\"wpcf7-form-control-wrap\" data-name=\"your-subject\"><input size=\"40\" maxlength=\"400\" class=\"wpcf7-form-control wpcf7-text wpcf7-validates-as-required\" aria-required=\"true\" aria-invalid=\"false\" value=\"\" type=\"text\" name=\"your-subject\" \/><\/span> <\/label>\n<\/p>\n<p><label> Az \u00d6n \u00fczenete (nem k\u00f6telez\u0151)<br \/>\n<span class=\"wpcf7-form-control-wrap\" data-name=\"your-message\"><textarea cols=\"40\" rows=\"10\" maxlength=\"2000\" class=\"wpcf7-form-control wpcf7-textarea\" aria-invalid=\"false\" name=\"your-message\"><\/textarea><\/span> <\/label><br \/>\n<label><br \/>\n<span class=\"wpcf7-form-control-wrap\" data-name=\"acceptance-683\"><span class=\"wpcf7-form-control wpcf7-acceptance\"><span class=\"wpcf7-list-item\"><label><input type=\"checkbox\" name=\"acceptance-683\" value=\"1\" aria-invalid=\"false\" \/><span class=\"wpcf7-list-item-label\">* Hozz\u00e1j\u00e1rulok <a href=\"\/zasady-ochrany-osobnych-udajov\/\" target=\"_blank\">szem\u00e9lyes adataim feldolgoz\u00e1s\u00e1hoz.<\/a><\/span><\/label><\/span><\/span><\/span><br \/>\n<\/label><br \/>\n<input class=\"wpcf7-form-control wpcf7-submit has-spinner\" type=\"submit\" value=\"K\u00fcld\u00e9s\" \/><br \/>\n<div class=\"cf7-cf-turnstile\" style=\"margin-top: 0px; margin-bottom: -15px;\"> <div id=\"cf-turnstile-cf7-1187480100\" class=\"cf-turnstile\" data-sitekey=\"0x4AAAAAAAxjGYml57lfstOj\" data-theme=\"light\" data-language=\"auto\" data-size=\"normal\" data-retry=\"auto\" data-retry-interval=\"1000\" data-refresh-expired=\"auto\" data-action=\"contact-form-7\" data-appearance=\"always\"><\/div> <script>document.addEventListener(\"DOMContentLoaded\", function() { setTimeout(function(){ var e=document.getElementById(\"cf-turnstile-cf7-1187480100\"); e&&!e.innerHTML.trim()&&(turnstile.remove(\"#cf-turnstile-cf7-1187480100\"), turnstile.render(\"#cf-turnstile-cf7-1187480100\", {sitekey:\"0x4AAAAAAAxjGYml57lfstOj\"})); }, 100); });<\/script> <br class=\"cf-turnstile-br cf-turnstile-br-cf7-1187480100\"> <style>#cf-turnstile-cf7-1187480100 { margin-left: -15px; }<\/style> <script>document.addEventListener(\"DOMContentLoaded\",function(){document.querySelectorAll('.wpcf7-form').forEach(function(e){e.addEventListener('submit',function(){if(document.getElementById('cf-turnstile-cf7-1187480100')){setTimeout(function(){turnstile.reset('#cf-turnstile-cf7-1187480100');},1000)}})})});<\/script> <\/div>\n<\/p><div class=\"wpcf7-response-output\" aria-hidden=\"true\"><\/div>\n<\/form>\n<\/div>\n\n\n\t\t<\/div>\n\t\t\t\t\n<style>\n#col-990034078 > .col-inner {\n  padding: 30px 30px 30px 30px;\n  border-radius: 19px;\n}\n<\/style>\n\t<\/div>\n\n\t\n<\/div>\n\t\t<\/div>\n\n\t\t\n<style>\n#section_48295822 {\n  padding-top: 30px;\n  padding-bottom: 30px;\n}\n<\/style>\n\t<\/section>\n\t\n","protected":false},"excerpt":{"rendered":"","protected":false},"author":1,"featured_media":0,"parent":0,"menu_order":0,"comment_status":"closed","ping_status":"closed","template":"page-blank.php","meta":{"_acf_changed":false,"footnotes":""},"class_list":["post-5843","page","type-page","status-publish","hentry"],"acf":[],"_links":{"self":[{"href":"https:\/\/www.tophlinik.sk\/hu\/wp-json\/wp\/v2\/pages\/5843","targetHints":{"allow":["GET"]}}],"collection":[{"href":"https:\/\/www.tophlinik.sk\/hu\/wp-json\/wp\/v2\/pages"}],"about":[{"href":"https:\/\/www.tophlinik.sk\/hu\/wp-json\/wp\/v2\/types\/page"}],"author":[{"embeddable":true,"href":"https:\/\/www.tophlinik.sk\/hu\/wp-json\/wp\/v2\/users\/1"}],"replies":[{"embeddable":true,"href":"https:\/\/www.tophlinik.sk\/hu\/wp-json\/wp\/v2\/comments?post=5843"}],"version-history":[{"count":9,"href":"https:\/\/www.tophlinik.sk\/hu\/wp-json\/wp\/v2\/pages\/5843\/revisions"}],"predecessor-version":[{"id":6016,"href":"https:\/\/www.tophlinik.sk\/hu\/wp-json\/wp\/v2\/pages\/5843\/revisions\/6016"}],"wp:attachment":[{"href":"https:\/\/www.tophlinik.sk\/hu\/wp-json\/wp\/v2\/media?parent=5843"}],"curies":[{"name":"wp","href":"https:\/\/api.w.org\/{rel}","templated":true}]}}