{"id":5870,"date":"2024-12-09T18:52:03","date_gmt":"2024-12-09T17:52:03","guid":{"rendered":"https:\/\/www.tophlinik.sk\/zasady-ochrany-osobnych-udajov\/"},"modified":"2024-12-09T19:47:29","modified_gmt":"2024-12-09T18:47:29","slug":"adatvedelmi-szabalyzat","status":"publish","type":"page","link":"https:\/\/www.tophlinik.sk\/hu\/adatvedelmi-szabalyzat\/","title":{"rendered":"Adatv\u00e9delmi szab\u00e1lyzat"},"content":{"rendered":"\n\t<section class=\"section\" id=\"section_190352174\">\n\t\t<div class=\"section-bg fill\" >\n\t\t\t\t\t\t\t\t\t\n\t\t\t\n\n\t\t<\/div>\n\n\t\t\n\n\t\t<div class=\"section-content relative\">\n\t\t\t\n<div class=\"row\"  id=\"row-1610327199\">\n\n\t<div id=\"col-1562869288\" class=\"col small-12 large-12\"  >\n\t\t\t\t<div class=\"col-inner\"  >\n\t\t\t\n\t\t\t\n<div>ADATV\u00c9DELMI IR\u00c1NYELVEK, MONTTER s.r.o., N\u00e1mestie slobody 5725\/69, Humenn\u00e9 06601, I\u010cO: 52289591, Pre\u0161ovi Ker\u00fcleti B\u00edr\u00f3s\u00e1g kereskedelmi nyilv\u00e1ntart\u00e1sa, r\u00e9szleg: Sro, bejegyz\u00e9si sz\u00e1m: 37958\/P, (a tov\u00e1bbiakban: \u201eMONTTER s.r.o.\u201d).<\/div>\n<div class=\"wrapper\">\n<h1>ADATV\u00c9DELMI SZAB\u00c1LYZAT<\/h1>\n<p>A MONTTER s.r.o. tiszteletben tartja minden olyan \u00e9rintett szem\u00e9ly mag\u00e1n\u00e9let\u00e9t, akivel kapcsolatba ker\u00fcl\u00fcnk, f\u00fcggetlen\u00fcl att\u00f3l, hogy a szem\u00e9lyes adatokat mi magunk vagy m\u00e1s felek kezelik. Fontos sz\u00e1munkra, hogy mindenki meg\u00e9rtse, milyen szem\u00e9lyes adatokat dolgozunk fel \u00d6nr\u0151l, mi\u00e9rt tessz\u00fck ezt, \u00e9s milyen jogai vannak. Ez\u00e9rt arra biztatjuk \u00d6nt, hogy olvassa el ezt az Adatv\u00e9delmi szab\u00e1lyzatot, amely tov\u00e1bbi inform\u00e1ci\u00f3kat ny\u00fajt az \u00d6n szem\u00e9lyes adatainak a MONTTER Kft. \u00e1ltali feldolgoz\u00e1s\u00e1r\u00f3l.<\/p>\n<p>Ez az adatv\u00e9delmi szab\u00e1lyzat meghat\u00e1rozza, hogyan kezelj\u00fck az \u00d6n szem\u00e9lyes adatait, amikor adatkezel\u0151k\u00e9nt vagy adatfeldolgoz\u00f3k\u00e9nt v\u00e9gezz\u00fck tev\u00e9kenys\u00e9g\u00fcnket.<\/p>\n<p>Ezt a nyilatkozatot id\u0151r\u0151l id\u0151re el\u0151zetes \u00e9rtes\u00edt\u00e9s n\u00e9lk\u00fcl friss\u00edthetj\u00fck. Ez\u00e9rt k\u00e9rj\u00fck, hogy rendszeresen tekintse \u00e1t. A nyilatkozat ezen verzi\u00f3j\u00e1t 2023.10.10-\u00e9n adtuk ki.<\/p>\n<p>Az \u00d6nre vonatkoz\u00f3 szem\u00e9lyes adatokat k\u00fcl\u00f6nb\u00f6z\u0151 m\u00f3don \u00e9s helyzetekben kezelhetj\u00fck, att\u00f3l f\u00fcgg\u0151en, hogy \u00d6n \u00fcgyf\u00e9l, v\u00e1s\u00e1rl\u00f3, besz\u00e1ll\u00edt\u00f3, \u00e1ll\u00e1skeres\u0151 vagy alkalmazott. A weboldal(ak) l\u00e1togat\u00f3ir\u00f3l is kezelhet\u00fcnk szem\u00e9lyes adatokat, att\u00f3l f\u00fcgg\u0151en, hogy \u00d6n hogyan l\u00e9p kapcsolatba vel\u00fcnk. A helyzett\u0151l f\u00fcggetlen\u00fcl meg\u00edg\u00e9rj\u00fck, hogy soha nem fogjuk az \u00d6n szem\u00e9lyes adatait eladni, kereskedelmi forgalomba hozni vagy felhaszn\u00e1lni az alkalmazand\u00f3 adatv\u00e9delmi el\u0151\u00edr\u00e1sok megs\u00e9rt\u00e9s\u00e9vel.<\/p>\n<p>A MONTTER s.r.o. tiszteletben tartja az \u00d6n mag\u00e1n\u00e9let\u00e9t, f\u00fcggetlen\u00fcl att\u00f3l, hogy az \u00d6n szem\u00e9lyes adatait mi magunk vagy m\u00e1s felek nev\u00e9ben kezelj\u00fck. Fontos sz\u00e1munkra, hogy \u00d6n meg\u00e9rtse, milyen szem\u00e9lyes adatokat dolgozunk fel \u00d6nr\u0151l, mi\u00e9rt tessz\u00fck ezt, \u00e9s milyen jogai vannak. Ez\u00e9rt arra b\u00e1tor\u00edtjuk \u00d6nt, hogy olvassa el ezt az Adatv\u00e9delmi szab\u00e1lyzatot, amely tov\u00e1bbi inform\u00e1ci\u00f3kat ny\u00fajt az \u00d6n szem\u00e9lyes adatainak a MONTTER Kft. \u00e1ltali feldolgoz\u00e1s\u00e1r\u00f3l.<\/p>\n<p>Ha<strong> \u00d6n Egy\u00e9b [k\u00f6z\u00f6ss\u00e9gi h\u00e1l\u00f3zat felhaszn\u00e1l\u00f3ja],<\/strong> r\u00e9szletesebb inform\u00e1ci\u00f3kat tal\u00e1l az adatai feldolgoz\u00e1s\u00e1r\u00f3l a k\u00f6vetkez\u0151 weboldalon. <a href=\"https:\/\/www.appgdpr.sk\/doc\/01HCC-G7DYV-64AW-XBS0-6SQ7-M1XC\/DIP%20Vyhl%c3%a1senie%20o%20ochrane%20s%c3%bakromia%20-%20In%c3%a9%20&#091;pou%c5%be%c3%advatelia%20soci%c3%a1lnych%20sieti&#093;.html\" target=\"_blank\" rel=\"noopener\">Adatv\u00e9delmi nyilatkozat &#8211; Egy\u00e9b [k\u00f6z\u00f6ss\u00e9gi h\u00e1l\u00f3zat felhaszn\u00e1l\u00f3i]<\/a>.<\/p>\n<p>Ha <strong>\u00d6n ad\u00f3s<\/strong>, r\u00e9szletesebb inform\u00e1ci\u00f3kat tal\u00e1l az adatainak feldolgoz\u00e1s\u00e1r\u00f3l a k\u00f6vetkez\u0151 weboldalon <a href=\"https:\/\/www.appgdpr.sk\/doc\/01HCC-G7R68-V1JG-QW1R-QDVR-G6ST\/DIP%20Vyhl%c3%a1senie%20o%20ochrane%20s%c3%bakromia%20-%20dl%c5%ben%c3%adci.html\" target=\"_blank\" rel=\"noopener\">Adatv\u00e9delmi nyilatkozat &#8211; Ad\u00f3sok<\/a>.<\/p>\n<p>Ha <strong>\u00d6n besz\u00e1ll\u00edt\u00f3<\/strong>, r\u00e9szletesebb inform\u00e1ci\u00f3kat tal\u00e1l az adatainak feldolgoz\u00e1s\u00e1r\u00f3l a k\u00f6vetkez\u0151 weboldalon <a href=\"https:\/\/www.appgdpr.sk\/doc\/01HCC-G6F07-B61M-8E26-J43R-HK2G\/DIP%20Vyhl%c3%a1senie%20o%20ochrane%20s%c3%bakromia%20-%20dod%c3%a1vatelia.html\" target=\"_blank\" rel=\"noopener\">Adatv\u00e9delmi nyilatkozat &#8211; Sz\u00e1ll\u00edt\u00f3k<\/a>.<\/p>\n<p>Ha <strong>\u00d6n l\u00e1togat\u00f3ban van<\/strong>, az \u00d6n adatainak feldolgoz\u00e1s\u00e1val kapcsolatos r\u00e9szletesebb inform\u00e1ci\u00f3k a k\u00f6vetkez\u0151 r\u00e9szben tal\u00e1lhat\u00f3k <a href=\"https:\/\/www.appgdpr.sk\/doc\/01HCC-G73QQ-N92P-169Z-HSFE-DC3D\/DIP%20Vyhl%c3%a1senie%20o%20ochrane%20s%c3%bakromia%20-%20n%c3%a1v%c5%a1tevy.html\" target=\"_blank\" rel=\"noopener\">Adatv\u00e9delmi nyilatkozat &#8211; L\u00e1togat\u00e1sok<\/a>.<\/p>\n<p>Ha <strong>\u00d6n potenci\u00e1lis \u00fcgyf\u00e9l<\/strong>, r\u00e9szletesebb inform\u00e1ci\u00f3t tal\u00e1l az adatainak feldolgoz\u00e1s\u00e1r\u00f3l a k\u00f6vetkez\u0151 weboldalon <a href=\"https:\/\/www.appgdpr.sk\/doc\/01HCC-G91CN-DF4N-GKBW-30FS-2K25\/DIP%20Vyhl%c3%a1senie%20o%20ochrane%20s%c3%bakromia%20-%20potencion%c3%a1lni%20z%c3%a1kazn%c3%adci.html\" target=\"_blank\" rel=\"noopener\">Adatv\u00e9delmi nyilatkozat &#8211; Potenci\u00e1lis \u00fcgyfelek<\/a>.<\/p>\n<p>Ha <strong>\u00d6n \u00e1ll\u00e1skeres\u0151<\/strong>, r\u00e9szletesebb inform\u00e1ci\u00f3kat tal\u00e1l az adatainak feldolgoz\u00e1s\u00e1r\u00f3l a k\u00f6vetkez\u0151 weboldalon <a href=\"https:\/\/www.appgdpr.sk\/doc\/01HCC-G8Q3T-S176-77QJ-VNEB-A8JV\/DIP%20Vyhl%c3%a1senie%20o%20ochrane%20s%c3%bakromia%20-%20uch%c3%a1dza%c4%8di%20o%20zamestnanie.html\" target=\"_blank\" rel=\"noopener\">Adatv\u00e9delmi nyilatkozat &#8211; \u00e1ll\u00e1skeres\u0151k<\/a>.<\/p>\n<p>Ha <strong>\u00d6n munkav\u00e1llal\u00f3<\/strong>, r\u00e9szletesebb inform\u00e1ci\u00f3kat tal\u00e1l az adatainak feldolgoz\u00e1s\u00e1r\u00f3l a k\u00f6vetkez\u0151 weboldalon <a href=\"https:\/\/www.appgdpr.sk\/doc\/01HCC-G82ET-6BME-K8VB-HHA2-CK7P\/DIP%20Vyhl%c3%a1senie%20o%20ochrane%20s%c3%bakromia%20-%20zamestnanci.html\" target=\"_blank\" rel=\"noopener\">Adatv\u00e9delmi nyilatkozat &#8211; Alkalmazottak<\/a>.<\/p>\n<p>Ha<strong> \u00d6n \u00fcgyf\u00e9l,<\/strong> r\u00e9szletesebb inform\u00e1ci\u00f3kat tal\u00e1l az adatainak feldolgoz\u00e1s\u00e1r\u00f3l a k\u00f6vetkez\u0151 weboldalon <a href=\"https:\/\/www.appgdpr.sk\/doc\/01HCC-G8CS5-6WBK-Z86J-C5SM-6NND\/DIP%20Vyhl%c3%a1senie%20o%20ochrane%20s%c3%bakromia%20-%20z%c3%a1kazn%c3%adci.html\" target=\"_blank\" rel=\"noopener\">Adatv\u00e9delmi nyilatkozat &#8211; \u00dcgyfelek<\/a>.<\/p>\n<p>Ha <strong>\u00d6n egy \u00fczleti partner k\u00e9pvisel\u0151je<\/strong>, az \u00d6n adatainak feldolgoz\u00e1s\u00e1val kapcsolatos r\u00e9szletesebb inform\u00e1ci\u00f3kat a k\u00f6vetkez\u0151 weboldalon tal\u00e1lhat <a href=\"https:\/\/www.appgdpr.sk\/doc\/01HCC-G6SC2-Z599-0942-MYV7-1NTK\/DIP%20Vyhl%c3%a1senie%20o%20ochrane%20s%c3%bakromia%20-%20z%c3%a1stupcovia%20obchodn%c3%bdch%20partnerov.html\" target=\"_blank\" rel=\"noopener\">Adatv\u00e9delmi nyilatkozat &#8211; \u00dczleti partnerek k\u00e9pvisel\u0151i<\/a>.<\/p>\n<p>A <strong>s\u00fctik feldolgoz\u00e1s\u00e1val<\/strong> kapcsolatos inform\u00e1ci\u00f3k a k\u00f6vetkez\u0151 szakaszban tal\u00e1lhat\u00f3k <a href=\"https:\/\/www.appgdpr.sk\/doc\/01HCC-G9BN2-A18A-88QM-CPCA-JSDG\/DIP%20pre%20spracov%c3%a1vanie%20Cookies.html\" target=\"_blank\" rel=\"noopener\">Web \u00e9s S\u00fctik<\/a>.<\/p>\n<p>Ha adatv\u00e9delmi <strong>jogs\u00e9rt\u00e9sr\u0151l<\/strong> szeretne minket \u00e9rtes\u00edteni, vagy az \u00e9rintettek jogaira vonatkoz\u00f3 k\u00e9relmet szeretne k\u00fcldeni, k\u00e9rj\u00fck, haszn\u00e1lja a fakturacia@montter.sk e-mail c\u00edmet, vagy l\u00e9pjen vel\u00fcnk kapcsolatba postai \u00faton a MONTTER s.r.o. c\u00edm\u00e9re.<\/p>\n<\/div>\n\t\t<\/div>\n\t\t\t\t\t<\/div>\n\n\t\n<\/div>\n\t\t<\/div>\n\n\t\t\n<style>\n#section_190352174 {\n  padding-top: 30px;\n  padding-bottom: 30px;\n}\n<\/style>\n\t<\/section>\n\t\n","protected":false},"excerpt":{"rendered":"","protected":false},"author":1,"featured_media":0,"parent":0,"menu_order":0,"comment_status":"closed","ping_status":"closed","template":"","meta":{"_acf_changed":false,"footnotes":""},"class_list":["post-5870","page","type-page","status-publish","hentry"],"acf":[],"_links":{"self":[{"href":"https:\/\/www.tophlinik.sk\/hu\/wp-json\/wp\/v2\/pages\/5870","targetHints":{"allow":["GET"]}}],"collection":[{"href":"https:\/\/www.tophlinik.sk\/hu\/wp-json\/wp\/v2\/pages"}],"about":[{"href":"https:\/\/www.tophlinik.sk\/hu\/wp-json\/wp\/v2\/types\/page"}],"author":[{"embeddable":true,"href":"https:\/\/www.tophlinik.sk\/hu\/wp-json\/wp\/v2\/users\/1"}],"replies":[{"embeddable":true,"href":"https:\/\/www.tophlinik.sk\/hu\/wp-json\/wp\/v2\/comments?post=5870"}],"version-history":[{"count":7,"href":"https:\/\/www.tophlinik.sk\/hu\/wp-json\/wp\/v2\/pages\/5870\/revisions"}],"predecessor-version":[{"id":5888,"href":"https:\/\/www.tophlinik.sk\/hu\/wp-json\/wp\/v2\/pages\/5870\/revisions\/5888"}],"wp:attachment":[{"href":"https:\/\/www.tophlinik.sk\/hu\/wp-json\/wp\/v2\/media?parent=5870"}],"curies":[{"name":"wp","href":"https:\/\/api.w.org\/{rel}","templated":true}]}}