{"id":5955,"date":"2024-12-10T08:58:10","date_gmt":"2024-12-10T07:58:10","guid":{"rendered":"https:\/\/www.tophlinik.sk\/montaz\/"},"modified":"2024-12-10T09:55:47","modified_gmt":"2024-12-10T08:55:47","slug":"osszeszereles","status":"publish","type":"page","link":"https:\/\/www.tophlinik.sk\/hu\/osszeszereles\/","title":{"rendered":"\u00d6sszeszerel\u00e9s"},"content":{"rendered":"\n\t<section class=\"section\" id=\"section_2001712626\">\n\t\t<div class=\"section-bg fill\" >\n\t\t\t\t\t\t\t\t\t\n\t\t\t\n\n\t\t<\/div>\n\n\t\t\n\n\t\t<div class=\"section-content relative\">\n\t\t\t\n<div class=\"row\"  id=\"row-1538927940\">\n\n\t<div id=\"col-548060506\" class=\"col small-12 large-12\"  >\n\t\t\t\t<div class=\"col-inner text-center\"  >\n\t\t\t\n\t\t\t\n\t<div id=\"text-3053292759\" class=\"text uppercase\">\n\t\t\n<h1><strong><span style=\"color: #272625;\">\u00d6sszeszerel\u00e9s<\/span><\/strong><\/h1>\n\t\t\n<style>\n#text-3053292759 {\n  font-size: 1.5rem;\n  line-height: 1;\n  text-align: center;\n}\n@media (min-width:550px) {\n  #text-3053292759 {\n    font-size: 1.5rem;\n  }\n}\n@media (min-width:850px) {\n  #text-3053292759 {\n    font-size: 1.5rem;\n  }\n}\n<\/style>\n\t<\/div>\n\t\n<div class=\"text-center\"><div class=\"is-divider divider clearfix\" style=\"max-width:50px;height:5px;background-color:rgb(39, 38, 37);\"><\/div><\/div>\n\t\t<\/div>\n\t\t\t\t\t<\/div>\n\n\t\n<\/div>\n<div class=\"row align-center\"  id=\"row-374031583\">\n\n\t<div id=\"col-1275006135\" class=\"col medium-10 small-12 large-5\"  >\n\t\t\t\t<div class=\"col-inner\"  >\n\t\t\t\n\t\t\t\n<h2>Nem biztos benne, hogy meg tudja oldani az \u00f6sszeszerel\u00e9st?<\/h2>\n<p>K\u00e9pzett k\u00e9pvisel\u0151ink sz\u00edvesen seg\u00edtenek \u00d6nnek.<\/p>\n<h2>Szeretne a k\u00e9pvisel\u0151nk lenni?<\/h2>\n<p>Sz\u00edvesen betan\u00edtjuk \u00d6nt \u00e9s ha az \u00fcgyf\u00e9lnek sz\u00fcks\u00e9ge van a be\u00e9p\u00edt\u00e9ssel egy\u00fctt j\u00e1r\u00f3 \u00fcvegez\u00e9sre, sz\u00edvesen felvessz\u00fck \u00d6nnel a kapcsolatot. Ha szeretne kiz\u00e1r\u00f3lagos k\u00e9pvisel\u0151nk lenni, k\u00e9rj\u00fck vegye fel vel\u00fcnk a kapcsolatot <a href=\"mailto:objednavky@tophlinik.sk\">objednavky@tophlinik.sk<\/a><\/p>\n\t\t<\/div>\n\t\t\t\t\t<\/div>\n\n\t\n\n\t<div id=\"col-1190888217\" class=\"col medium-10 small-12 large-6\"  >\n\t\t\t\t<div class=\"col-inner\" style=\"background-color:rgb(246, 246, 246);\" >\n\t\t\t\n\t\t\t\n\t<div id=\"text-1191510417\" class=\"text\">\n\t\t\n<p><span style=\"color: #272625;\"><strong>Vegye fel vel\u00fcnk a kapcsolatot<\/strong><\/span><\/p>\n\t\t\n<style>\n#text-1191510417 {\n  font-size: 1.5rem;\n  line-height: 1;\n}\n<\/style>\n\t<\/div>\n\t\n\n\n<div class=\"wpcf7 no-js\" id=\"wpcf7-f2556-o1\" lang=\"hu-HU\" dir=\"ltr\" data-wpcf7-id=\"2556\">\n<div class=\"screen-reader-response\"><p role=\"status\" aria-live=\"polite\" aria-atomic=\"true\"><\/p> <ul><\/ul><\/div>\n<form action=\"\/hu\/wp-json\/wp\/v2\/pages\/5955#wpcf7-f2556-o1\" method=\"post\" class=\"wpcf7-form init\" aria-label=\"Kapcsolatfelv\u00e9teli \u0171rlap\" novalidate=\"novalidate\" data-status=\"init\">\n<fieldset class=\"hidden-fields-container\"><input type=\"hidden\" name=\"_wpcf7\" value=\"2556\" \/><input type=\"hidden\" name=\"_wpcf7_version\" value=\"6.1.4\" \/><input type=\"hidden\" name=\"_wpcf7_locale\" value=\"hu_HU\" \/><input type=\"hidden\" name=\"_wpcf7_unit_tag\" value=\"wpcf7-f2556-o1\" \/><input type=\"hidden\" name=\"_wpcf7_container_post\" value=\"0\" \/><input type=\"hidden\" name=\"_wpcf7_posted_data_hash\" value=\"\" \/>\n<\/fieldset>\n<p><label> N\u00e9v*<br \/>\n<span class=\"wpcf7-form-control-wrap\" data-name=\"your-name\"><input size=\"40\" maxlength=\"400\" class=\"wpcf7-form-control wpcf7-text wpcf7-validates-as-required\" autocomplete=\"name\" aria-required=\"true\" aria-invalid=\"false\" value=\"\" type=\"text\" name=\"your-name\" \/><\/span> <\/label>\n<\/p>\n<p><label> Email*<br \/>\n<span class=\"wpcf7-form-control-wrap\" data-name=\"your-email\"><input size=\"40\" maxlength=\"400\" class=\"wpcf7-form-control wpcf7-email wpcf7-validates-as-required wpcf7-text wpcf7-validates-as-email\" autocomplete=\"email\" aria-required=\"true\" aria-invalid=\"false\" value=\"\" type=\"email\" name=\"your-email\" \/><\/span> <\/label><br \/>\n<label> Telefonsz\u00e1m*<br \/>\n<span class=\"wpcf7-form-control-wrap\" data-name=\"tel-841\"><input size=\"40\" maxlength=\"400\" class=\"wpcf7-form-control wpcf7-tel wpcf7-validates-as-required wpcf7-text wpcf7-validates-as-tel\" aria-required=\"true\" aria-invalid=\"false\" placeholder=\"+421 901 123 456\" value=\"\" type=\"tel\" name=\"tel-841\" \/><\/span> <\/label>\n<\/p>\n<p><label> T\u00e1rgy*<br \/>\n<span class=\"wpcf7-form-control-wrap\" data-name=\"your-subject\"><input size=\"40\" maxlength=\"400\" class=\"wpcf7-form-control wpcf7-text wpcf7-validates-as-required\" aria-required=\"true\" aria-invalid=\"false\" value=\"\" type=\"text\" name=\"your-subject\" \/><\/span> <\/label>\n<\/p>\n<p><label> Az \u00d6n \u00fczenete (nem k\u00f6telez\u0151)<br \/>\n<span class=\"wpcf7-form-control-wrap\" data-name=\"your-message\"><textarea cols=\"40\" rows=\"10\" maxlength=\"2000\" class=\"wpcf7-form-control wpcf7-textarea\" aria-invalid=\"false\" name=\"your-message\"><\/textarea><\/span> <\/label><br \/>\n<label><br \/>\n<span class=\"wpcf7-form-control-wrap\" data-name=\"acceptance-683\"><span class=\"wpcf7-form-control wpcf7-acceptance\"><span class=\"wpcf7-list-item\"><label><input type=\"checkbox\" name=\"acceptance-683\" value=\"1\" aria-invalid=\"false\" \/><span class=\"wpcf7-list-item-label\">* Hozz\u00e1j\u00e1rulok <a href=\"\/zasady-ochrany-osobnych-udajov\/\" target=\"_blank\">szem\u00e9lyes adataim feldolgoz\u00e1s\u00e1hoz.<\/a><\/span><\/label><\/span><\/span><\/span><br \/>\n<\/label><br \/>\n<input class=\"wpcf7-form-control wpcf7-submit has-spinner\" type=\"submit\" value=\"K\u00fcld\u00e9s\" \/><br \/>\n<div class=\"cf7-cf-turnstile\" style=\"margin-top: 0px; margin-bottom: -15px;\"> <div id=\"cf-turnstile-cf7-73676868\" class=\"cf-turnstile\" data-sitekey=\"0x4AAAAAAAxjGYml57lfstOj\" data-theme=\"light\" data-language=\"auto\" data-size=\"normal\" data-retry=\"auto\" data-retry-interval=\"1000\" data-refresh-expired=\"auto\" data-action=\"contact-form-7\" data-appearance=\"always\"><\/div> <script>document.addEventListener(\"DOMContentLoaded\", function() { setTimeout(function(){ var e=document.getElementById(\"cf-turnstile-cf7-73676868\"); e&&!e.innerHTML.trim()&&(turnstile.remove(\"#cf-turnstile-cf7-73676868\"), turnstile.render(\"#cf-turnstile-cf7-73676868\", {sitekey:\"0x4AAAAAAAxjGYml57lfstOj\"})); }, 100); });<\/script> <br class=\"cf-turnstile-br cf-turnstile-br-cf7-73676868\"> <style>#cf-turnstile-cf7-73676868 { margin-left: -15px; }<\/style> <script>document.addEventListener(\"DOMContentLoaded\",function(){document.querySelectorAll('.wpcf7-form').forEach(function(e){e.addEventListener('submit',function(){if(document.getElementById('cf-turnstile-cf7-73676868')){setTimeout(function(){turnstile.reset('#cf-turnstile-cf7-73676868');},1000)}})})});<\/script> <\/div>\n<\/p><div class=\"wpcf7-response-output\" aria-hidden=\"true\"><\/div>\n<\/form>\n<\/div>\n\n\n\t\t<\/div>\n\t\t\t\t\n<style>\n#col-1190888217 > .col-inner {\n  padding: 30px 30px 30px 30px;\n  border-radius: 19px;\n}\n<\/style>\n\t<\/div>\n\n\t\n<\/div>\n\t\t<\/div>\n\n\t\t\n<style>\n#section_2001712626 {\n  padding-top: 30px;\n  padding-bottom: 30px;\n}\n<\/style>\n\t<\/section>\n\t\n","protected":false},"excerpt":{"rendered":"","protected":false},"author":1,"featured_media":0,"parent":0,"menu_order":0,"comment_status":"closed","ping_status":"closed","template":"page-blank.php","meta":{"_acf_changed":false,"footnotes":""},"class_list":["post-5955","page","type-page","status-publish","hentry"],"acf":[],"_links":{"self":[{"href":"https:\/\/www.tophlinik.sk\/hu\/wp-json\/wp\/v2\/pages\/5955","targetHints":{"allow":["GET"]}}],"collection":[{"href":"https:\/\/www.tophlinik.sk\/hu\/wp-json\/wp\/v2\/pages"}],"about":[{"href":"https:\/\/www.tophlinik.sk\/hu\/wp-json\/wp\/v2\/types\/page"}],"author":[{"embeddable":true,"href":"https:\/\/www.tophlinik.sk\/hu\/wp-json\/wp\/v2\/users\/1"}],"replies":[{"embeddable":true,"href":"https:\/\/www.tophlinik.sk\/hu\/wp-json\/wp\/v2\/comments?post=5955"}],"version-history":[{"count":4,"href":"https:\/\/www.tophlinik.sk\/hu\/wp-json\/wp\/v2\/pages\/5955\/revisions"}],"predecessor-version":[{"id":5961,"href":"https:\/\/www.tophlinik.sk\/hu\/wp-json\/wp\/v2\/pages\/5955\/revisions\/5961"}],"wp:attachment":[{"href":"https:\/\/www.tophlinik.sk\/hu\/wp-json\/wp\/v2\/media?parent=5955"}],"curies":[{"name":"wp","href":"https:\/\/api.w.org\/{rel}","templated":true}]}}