{"id":2562,"date":"2024-11-13T21:25:30","date_gmt":"2024-11-13T20:25:30","guid":{"rendered":"https:\/\/www.tophlinik.sk\/produkt\/muanyag-dugo-100-x-60\/"},"modified":"2024-11-13T21:25:30","modified_gmt":"2024-11-13T20:25:30","slug":"muanyag-dugo-100-x-60","status":"publish","type":"product","link":"https:\/\/www.tophlinik.sk\/hu\/produkt\/muanyag-dugo-100-x-60\/","title":{"rendered":"M\u0171anyag dug\u00f3 100 x 60"},"content":{"rendered":"<p>A m\u0171anyag dug\u00f3kat k\u00fcl\u00f6nb\u00f6z\u0151 szerkezetekben l\u00e9v\u0151 lyukak lez\u00e1r\u00e1s\u00e1ra haszn\u00e1lj\u00e1k.<\/p>\n","protected":false},"excerpt":{"rendered":"<p>M\u0171anyag dug\u00f3 100 x 60&#215;30<\/p>\n","protected":false},"featured_media":2289,"template":"","meta":{"_acf_changed":false},"product_brand":[],"product_cat":[116],"product_tag":[],"class_list":{"0":"post-2562","1":"product","2":"type-product","3":"status-publish","4":"has-post-thumbnail","6":"product_cat-dugok","8":"first","9":"instock","10":"taxable","11":"shipping-taxable","12":"purchasable","13":"product-type-simple"},"acf":[],"_links":{"self":[{"href":"https:\/\/www.tophlinik.sk\/hu\/wp-json\/wp\/v2\/product\/2562","targetHints":{"allow":["GET"]}}],"collection":[{"href":"https:\/\/www.tophlinik.sk\/hu\/wp-json\/wp\/v2\/product"}],"about":[{"href":"https:\/\/www.tophlinik.sk\/hu\/wp-json\/wp\/v2\/types\/product"}],"wp:featuredmedia":[{"embeddable":true,"href":"https:\/\/www.tophlinik.sk\/hu\/wp-json\/wp\/v2\/media\/2289"}],"wp:attachment":[{"href":"https:\/\/www.tophlinik.sk\/hu\/wp-json\/wp\/v2\/media?parent=2562"}],"wp:term":[{"taxonomy":"product_brand","embeddable":true,"href":"https:\/\/www.tophlinik.sk\/hu\/wp-json\/wp\/v2\/product_brand?post=2562"},{"taxonomy":"product_cat","embeddable":true,"href":"https:\/\/www.tophlinik.sk\/hu\/wp-json\/wp\/v2\/product_cat?post=2562"},{"taxonomy":"product_tag","embeddable":true,"href":"https:\/\/www.tophlinik.sk\/hu\/wp-json\/wp\/v2\/product_tag?post=2562"}],"curies":[{"name":"wp","href":"https:\/\/api.w.org\/{rel}","templated":true}]}}