{"id":2590,"date":"2024-11-13T20:17:06","date_gmt":"2024-11-13T19:17:06","guid":{"rendered":"https:\/\/www.tophlinik.sk\/produkt\/epdm-gumi\/"},"modified":"2024-11-13T20:17:06","modified_gmt":"2024-11-13T19:17:06","slug":"epdm-gumi","status":"publish","type":"product","link":"https:\/\/www.tophlinik.sk\/hu\/produkt\/epdm-gumi\/","title":{"rendered":"EPDM gumi"},"content":{"rendered":"<p>Az EPDM gumi rendk\u00edv\u00fcl tart\u00f3s \u00e9s rugalmas v\u00e1laszt\u00e1s a h\u00e1tlapokhoz \u00e9s nyom\u00f3cs\u00edkokhoz, amelyeket az \u00fcveg, a t\u00f6m\u00f6r polikarbon\u00e1t vagy a lexan megb\u00edzhat\u00f3 r\u00f6gz\u00edt\u00e9s\u00e9re \u00e9s v\u00e9delm\u00e9re terveztek. Ez az anyag stabil \u00e9s tart\u00f3s t\u00f6m\u00edt\u00e9st biztos\u00edt, amely minimaliz\u00e1lja a s\u00e9r\u00fcl\u00e9s vagy elmozdul\u00e1s kock\u00e1zat\u00e1t, \u00e9s biztons\u00e1gosan a hely\u00e9n tartja az anyagokat. Az EPDM gumi ellen\u00e1ll az UV sug\u00e1rz\u00e1snak, az \u00f3zonnak \u00e9s a sz\u00e9ls\u0151s\u00e9ges h\u0151m\u00e9rs\u00e9kleteknek, \u00edgy ide\u00e1lis belt\u00e9ri \u00e9s k\u00fclt\u00e9ri alkalmaz\u00e1sokhoz egyar\u00e1nt, ahol hossz\u00fa t\u00e1v\u00fa v\u00e9delmet ny\u00fajt. Ez a gumi rugalmass\u00e1g\u00e1r\u00f3l \u00e9s kiv\u00e9teles tart\u00f3ss\u00e1g\u00e1r\u00f3l ismert, \u00edgy ide\u00e1lis megold\u00e1s olyan projektekhez, ahol fontos az er\u0151s \u00e9s megb\u00edzhat\u00f3 illeszked\u00e9s. Az EPDM gumi m\u00e9g nagy ig\u00e9nybev\u00e9tel mellett is meg\u0151rzi szil\u00e1rds\u00e1g\u00e1t, ellen\u00e1ll a nedvess\u00e9gnek \u00e9s a vegyi anyagoknak, \u00edgy m\u00e9g zord k\u00f6r\u00fclm\u00e9nyek k\u00f6z\u00f6tt is megb\u00edzhat\u00f3 v\u00e9delmet ny\u00fajt. Az EPDM gumi ez\u00e9rt kiv\u00e1l\u00f3 v\u00e1laszt\u00e1s olyan szerkezetekhez, ahol a tart\u00f3ss\u00e1g, a biztons\u00e1g \u00e9s az eszt\u00e9tikus megjelen\u00e9s hossz\u00fa \u00e9lettartam mellett kulcsfontoss\u00e1g\u00fa.  <\/p>\n","protected":false},"excerpt":{"rendered":"<p>Az EPDM gumi a h\u00e1tlaphoz \u00e9s a nyom\u00f3cs\u00edkokhoz tart\u00f3s anyag az \u00fcveg, t\u00f6m\u00f6r polikarbon\u00e1t vagy lexan biztons\u00e1gos r\u00f6gz\u00edt\u00e9s\u00e9hez \u00e9s v\u00e9delm\u00e9hez. Hossz\u00fa t\u00e1v\u00fa k\u00fcl- \u00e9s belt\u00e9ri haszn\u00e1latra alkalmas. <\/p>\n","protected":false},"featured_media":2281,"template":"","meta":{"_acf_changed":false},"product_brand":[],"product_cat":[193],"product_tag":[],"class_list":{"0":"post-2590","1":"product","2":"type-product","3":"status-publish","4":"has-post-thumbnail","6":"product_cat-gumitomitesek","8":"first","9":"instock","10":"taxable","11":"shipping-taxable","12":"purchasable","13":"product-type-variable","14":"has-default-attributes"},"acf":[],"_links":{"self":[{"href":"https:\/\/www.tophlinik.sk\/hu\/wp-json\/wp\/v2\/product\/2590","targetHints":{"allow":["GET"]}}],"collection":[{"href":"https:\/\/www.tophlinik.sk\/hu\/wp-json\/wp\/v2\/product"}],"about":[{"href":"https:\/\/www.tophlinik.sk\/hu\/wp-json\/wp\/v2\/types\/product"}],"wp:featuredmedia":[{"embeddable":true,"href":"https:\/\/www.tophlinik.sk\/hu\/wp-json\/wp\/v2\/media\/2281"}],"wp:attachment":[{"href":"https:\/\/www.tophlinik.sk\/hu\/wp-json\/wp\/v2\/media?parent=2590"}],"wp:term":[{"taxonomy":"product_brand","embeddable":true,"href":"https:\/\/www.tophlinik.sk\/hu\/wp-json\/wp\/v2\/product_brand?post=2590"},{"taxonomy":"product_cat","embeddable":true,"href":"https:\/\/www.tophlinik.sk\/hu\/wp-json\/wp\/v2\/product_cat?post=2590"},{"taxonomy":"product_tag","embeddable":true,"href":"https:\/\/www.tophlinik.sk\/hu\/wp-json\/wp\/v2\/product_tag?post=2590"}],"curies":[{"name":"wp","href":"https:\/\/api.w.org\/{rel}","templated":true}]}}