{"id":3584,"date":"2024-11-07T18:16:31","date_gmt":"2024-11-07T17:16:31","guid":{"rendered":"https:\/\/www.tophlinik.sk\/produkt\/korlatprofil-also\/"},"modified":"2024-11-07T18:16:31","modified_gmt":"2024-11-07T17:16:31","slug":"korlatprofil-also","status":"publish","type":"product","link":"https:\/\/www.tophlinik.sk\/hu\/produkt\/korlatprofil-also\/","title":{"rendered":"Korl\u00e1tprofil &#8211; als\u00f3"},"content":{"rendered":"","protected":false},"excerpt":{"rendered":"<p>Alum\u00ednium als\u00f3 profil a korl\u00e1tok als\u00f3 r\u00e9szek\u00e9nt kialak\u00edtott, k\u00fcl\u00f6nb\u00f6z\u0151 RAL sz\u00ednekben kaphat\u00f3 korl\u00e1tokhoz.<\/p>\n","protected":false},"featured_media":1882,"template":"","meta":{"_acf_changed":false},"product_brand":[],"product_cat":[115,114],"product_tag":[],"class_list":{"0":"post-3584","1":"product","2":"type-product","3":"status-publish","4":"has-post-thumbnail","6":"product_cat-aluminium-profilok","7":"product_cat-konstrukcio","9":"first","10":"instock","11":"taxable","12":"shipping-taxable","13":"purchasable","14":"product-type-variable","15":"has-default-attributes"},"acf":[],"_links":{"self":[{"href":"https:\/\/www.tophlinik.sk\/hu\/wp-json\/wp\/v2\/product\/3584","targetHints":{"allow":["GET"]}}],"collection":[{"href":"https:\/\/www.tophlinik.sk\/hu\/wp-json\/wp\/v2\/product"}],"about":[{"href":"https:\/\/www.tophlinik.sk\/hu\/wp-json\/wp\/v2\/types\/product"}],"wp:featuredmedia":[{"embeddable":true,"href":"https:\/\/www.tophlinik.sk\/hu\/wp-json\/wp\/v2\/media\/1882"}],"wp:attachment":[{"href":"https:\/\/www.tophlinik.sk\/hu\/wp-json\/wp\/v2\/media?parent=3584"}],"wp:term":[{"taxonomy":"product_brand","embeddable":true,"href":"https:\/\/www.tophlinik.sk\/hu\/wp-json\/wp\/v2\/product_brand?post=3584"},{"taxonomy":"product_cat","embeddable":true,"href":"https:\/\/www.tophlinik.sk\/hu\/wp-json\/wp\/v2\/product_cat?post=3584"},{"taxonomy":"product_tag","embeddable":true,"href":"https:\/\/www.tophlinik.sk\/hu\/wp-json\/wp\/v2\/product_tag?post=3584"}],"curies":[{"name":"wp","href":"https:\/\/api.w.org\/{rel}","templated":true}]}}