{"id":3591,"date":"2024-11-07T18:16:21","date_gmt":"2024-11-07T17:16:21","guid":{"rendered":"https:\/\/www.tophlinik.sk\/produkt\/aluminium-szegelylec-profil-a-falhoz\/"},"modified":"2024-11-07T18:16:21","modified_gmt":"2024-11-07T17:16:21","slug":"aluminium-szegelylec-profil-a-falhoz","status":"publish","type":"product","link":"https:\/\/www.tophlinik.sk\/hu\/produkt\/aluminium-szegelylec-profil-a-falhoz\/","title":{"rendered":"Alum\u00ednium szeg\u00e9lyl\u00e9c profil a falhoz"},"content":{"rendered":"<p>A k\u00fcl\u00f6nb\u00f6z\u0151 RAL-sz\u00ednekben kaphat\u00f3 alum\u00ednium profil a falhoz a h\u00e1z tet\u0151h\u00e9jazat\u00e1hoz k\u00e9sz\u00fclt. Ez a profil v\u00e9delmet ny\u00fajt a sziv\u00e1rg\u00e1s ellen, \u00e9s eszt\u00e9tikus \u00e1tmenetet biztos\u00edt a tet\u0151szerkezet \u00e9s a h\u00e1z fala k\u00f6z\u00f6tt. Alum\u00edniumszerkezet\u00e9nek k\u00f6sz\u00f6nhet\u0151en a profil ellen\u00e1ll a korr\u00f3zi\u00f3nak \u00e9s az id\u0151j\u00e1r\u00e1si k\u00f6r\u00fclm\u00e9nyeknek, \u00edgy hossz\u00fa \u00e9lettartamot garant\u00e1l. Ide\u00e1lis olyan tet\u0151rendszerekhez, ahol megb\u00edzhat\u00f3s\u00e1gra \u00e9s eszt\u00e9tik\u00e1ra van sz\u00fcks\u00e9g.   <\/p>\n","protected":false},"excerpt":{"rendered":"<p>Alum\u00ednium profil a falhoz, k\u00fcl\u00f6nb\u00f6z\u0151 RAL sz\u00ednekben kaphat\u00f3, ide\u00e1lis a h\u00e1z tet\u0151burkolat\u00e1hoz.<\/p>\n","protected":false},"featured_media":1872,"template":"","meta":{"_acf_changed":false},"product_brand":[],"product_cat":[115,113],"product_tag":[],"class_list":{"0":"post-3591","1":"product","2":"type-product","3":"status-publish","4":"has-post-thumbnail","6":"product_cat-aluminium-profilok","7":"product_cat-teto","9":"first","10":"instock","11":"taxable","12":"shipping-taxable","13":"purchasable","14":"product-type-variable","15":"has-default-attributes"},"acf":[],"_links":{"self":[{"href":"https:\/\/www.tophlinik.sk\/hu\/wp-json\/wp\/v2\/product\/3591","targetHints":{"allow":["GET"]}}],"collection":[{"href":"https:\/\/www.tophlinik.sk\/hu\/wp-json\/wp\/v2\/product"}],"about":[{"href":"https:\/\/www.tophlinik.sk\/hu\/wp-json\/wp\/v2\/types\/product"}],"wp:featuredmedia":[{"embeddable":true,"href":"https:\/\/www.tophlinik.sk\/hu\/wp-json\/wp\/v2\/media\/1872"}],"wp:attachment":[{"href":"https:\/\/www.tophlinik.sk\/hu\/wp-json\/wp\/v2\/media?parent=3591"}],"wp:term":[{"taxonomy":"product_brand","embeddable":true,"href":"https:\/\/www.tophlinik.sk\/hu\/wp-json\/wp\/v2\/product_brand?post=3591"},{"taxonomy":"product_cat","embeddable":true,"href":"https:\/\/www.tophlinik.sk\/hu\/wp-json\/wp\/v2\/product_cat?post=3591"},{"taxonomy":"product_tag","embeddable":true,"href":"https:\/\/www.tophlinik.sk\/hu\/wp-json\/wp\/v2\/product_tag?post=3591"}],"curies":[{"name":"wp","href":"https:\/\/api.w.org\/{rel}","templated":true}]}}