{"id":3598,"date":"2024-11-07T18:16:11","date_gmt":"2024-11-07T17:16:11","guid":{"rendered":"https:\/\/www.tophlinik.sk\/produkt\/fedosin\/"},"modified":"2024-11-07T18:16:11","modified_gmt":"2024-11-07T17:16:11","slug":"fedosin","status":"publish","type":"product","link":"https:\/\/www.tophlinik.sk\/hu\/produkt\/fedosin\/","title":{"rendered":"Fed\u0151s\u00edn"},"content":{"rendered":"<p>A k\u00fcl\u00f6nb\u00f6z\u0151 RAL-sz\u00ednekben kivitelezett fed\u0151s\u00ednt \u00fagy tervezt\u00e9k, hogy a tet\u0151 nyom\u00f3s\u00ednj\u00e9t befedje, tiszta \u00e9s eleg\u00e1ns megjelen\u00e9st biztos\u00edtva. Ez a d\u00edszl\u00e9c \u00f6tv\u00f6zi az alum\u00ednium tart\u00f3ss\u00e1g\u00e1t a modern diz\u00e1jnnal, \u00edgy ide\u00e1lis k\u00fclt\u00e9ri alkalmaz\u00e1sokhoz. Alkalmas olyan szerkezetekhez, ahol tart\u00f3ss\u00e1gra \u00e9s eszt\u00e9tik\u00e1ra van sz\u00fcks\u00e9g.  <\/p>\n","protected":false},"excerpt":{"rendered":"<p>K\u00fcl\u00f6nb\u00f6z\u0151 RAL-sz\u00ednekben kaphat\u00f3 fed\u0151s\u00edn a tet\u0151 nyom\u00f3list\u00e1j\u00e1nak fed\u00e9s\u00e9re. Tart\u00f3s \u00e9s eszt\u00e9tikus. <\/p>\n","protected":false},"featured_media":1858,"template":"","meta":{"_acf_changed":false},"product_brand":[],"product_cat":[115,113],"product_tag":[],"class_list":{"0":"post-3598","1":"product","2":"type-product","3":"status-publish","4":"has-post-thumbnail","6":"product_cat-aluminium-profilok","7":"product_cat-teto","9":"first","10":"instock","11":"taxable","12":"shipping-taxable","13":"purchasable","14":"product-type-variable","15":"has-default-attributes"},"acf":[],"_links":{"self":[{"href":"https:\/\/www.tophlinik.sk\/hu\/wp-json\/wp\/v2\/product\/3598","targetHints":{"allow":["GET"]}}],"collection":[{"href":"https:\/\/www.tophlinik.sk\/hu\/wp-json\/wp\/v2\/product"}],"about":[{"href":"https:\/\/www.tophlinik.sk\/hu\/wp-json\/wp\/v2\/types\/product"}],"wp:featuredmedia":[{"embeddable":true,"href":"https:\/\/www.tophlinik.sk\/hu\/wp-json\/wp\/v2\/media\/1858"}],"wp:attachment":[{"href":"https:\/\/www.tophlinik.sk\/hu\/wp-json\/wp\/v2\/media?parent=3598"}],"wp:term":[{"taxonomy":"product_brand","embeddable":true,"href":"https:\/\/www.tophlinik.sk\/hu\/wp-json\/wp\/v2\/product_brand?post=3598"},{"taxonomy":"product_cat","embeddable":true,"href":"https:\/\/www.tophlinik.sk\/hu\/wp-json\/wp\/v2\/product_cat?post=3598"},{"taxonomy":"product_tag","embeddable":true,"href":"https:\/\/www.tophlinik.sk\/hu\/wp-json\/wp\/v2\/product_tag?post=3598"}],"curies":[{"name":"wp","href":"https:\/\/api.w.org\/{rel}","templated":true}]}}