{"id":3605,"date":"2024-11-07T18:16:21","date_gmt":"2024-11-07T17:16:21","guid":{"rendered":"https:\/\/www.tophlinik.sk\/produkt\/zaroprofil\/"},"modified":"2024-11-07T18:16:21","modified_gmt":"2024-11-07T17:16:21","slug":"zaroprofil","status":"publish","type":"product","link":"https:\/\/www.tophlinik.sk\/hu\/produkt\/zaroprofil\/","title":{"rendered":"Z\u00e1r\u00f3profil"},"content":{"rendered":"<p>A t\u00f6bbf\u00e9le sz\u00ednben kaphat\u00f3 F alak\u00fa alum\u00ednium z\u00e1r\u00f3profil ide\u00e1lis megold\u00e1s 8 mm vastag \u00fcveg vagy t\u00f6m\u00f6r polikarbon\u00e1t lez\u00e1r\u00e1s\u00e1ra. A profil tiszta \u00e9s eszt\u00e9tikus megjelen\u00e9st biztos\u00edt, ugyanakkor megb\u00edzhat\u00f3 v\u00e9delmet ny\u00fajt az id\u0151j\u00e1r\u00e1si k\u00f6r\u00fclm\u00e9nyekkel szemben. Ez a profil sz\u00e1mos \u00e9p\u00edt\u00e9si alkalmaz\u00e1shoz alkalmas, \u00e9s korr\u00f3zi\u00f3\u00e1ll\u00f3 alum\u00ednium anyag\u00e1nak k\u00f6sz\u00f6nhet\u0151en hossz\u00fa \u00e9lettartamot garant\u00e1l.  <\/p>\n","protected":false},"excerpt":{"rendered":"<p>Alum\u00ednium F-alak\u00fa z\u00e1r\u00f3profil, amely 8 mm vastag \u00fcveg vagy t\u00f6m\u00f6r polikarbon\u00e1t lez\u00e1r\u00e1s\u00e1ra alkalmas.<\/p>\n","protected":false},"featured_media":1904,"template":"","meta":{"_acf_changed":false},"product_brand":[],"product_cat":[115,113],"product_tag":[],"class_list":{"0":"post-3605","1":"product","2":"type-product","3":"status-publish","4":"has-post-thumbnail","6":"product_cat-aluminium-profilok","7":"product_cat-teto","9":"first","10":"instock","11":"taxable","12":"shipping-taxable","13":"purchasable","14":"product-type-variable","15":"has-default-attributes"},"acf":[],"_links":{"self":[{"href":"https:\/\/www.tophlinik.sk\/hu\/wp-json\/wp\/v2\/product\/3605","targetHints":{"allow":["GET"]}}],"collection":[{"href":"https:\/\/www.tophlinik.sk\/hu\/wp-json\/wp\/v2\/product"}],"about":[{"href":"https:\/\/www.tophlinik.sk\/hu\/wp-json\/wp\/v2\/types\/product"}],"wp:featuredmedia":[{"embeddable":true,"href":"https:\/\/www.tophlinik.sk\/hu\/wp-json\/wp\/v2\/media\/1904"}],"wp:attachment":[{"href":"https:\/\/www.tophlinik.sk\/hu\/wp-json\/wp\/v2\/media?parent=3605"}],"wp:term":[{"taxonomy":"product_brand","embeddable":true,"href":"https:\/\/www.tophlinik.sk\/hu\/wp-json\/wp\/v2\/product_brand?post=3605"},{"taxonomy":"product_cat","embeddable":true,"href":"https:\/\/www.tophlinik.sk\/hu\/wp-json\/wp\/v2\/product_cat?post=3605"},{"taxonomy":"product_tag","embeddable":true,"href":"https:\/\/www.tophlinik.sk\/hu\/wp-json\/wp\/v2\/product_tag?post=3605"}],"curies":[{"name":"wp","href":"https:\/\/api.w.org\/{rel}","templated":true}]}}