{"id":3628,"date":"2024-11-07T18:16:21","date_gmt":"2024-11-07T17:16:21","guid":{"rendered":"https:\/\/www.tophlinik.sk\/produkt\/nyomorud\/"},"modified":"2025-11-12T11:19:34","modified_gmt":"2025-11-12T10:19:34","slug":"nyomorud","status":"publish","type":"product","link":"https:\/\/www.tophlinik.sk\/hu\/produkt\/nyomorud\/","title":{"rendered":"Nyom\u00f3r\u00fad &#8211; 6500 mm"},"content":{"rendered":"<p>A nem komaxit bevonat\u00fa nyom\u00f3rudat \u00fcveg vagy t\u00f6m\u00f6r polikarbon\u00e1t biztons\u00e1gos r\u00f6gz\u00edt\u00e9s\u00e9re tervezt\u00e9k a tet\u0151szerkezetekhez. Egy gumit\u00f6m\u00edt\u00e9ssel egy\u00fctt haszn\u00e1lj\u00e1k, hogy biztos\u00edtsa a szil\u00e1rd illeszked\u00e9st, mik\u00f6zben v\u00e9di az anyagokat az elmozdul\u00e1st\u00f3l vagy s\u00e9r\u00fcl\u00e9st\u0151l. <\/p>\n","protected":false},"excerpt":{"rendered":"<p>Nyom\u00f3r\u00fad komaxit bevonat n\u00e9lk\u00fcl, \u00fcveg vagy polikarbon\u00e1t tet\u0151re t\u00f6rt\u00e9n\u0151 r\u00f6gz\u00edt\u00e9s\u00e9hez.<\/p>\n","protected":false},"featured_media":1870,"template":"","meta":{"_acf_changed":false},"product_brand":[],"product_cat":[115,113],"product_tag":[],"class_list":{"0":"post-3628","1":"product","2":"type-product","3":"status-publish","4":"has-post-thumbnail","6":"product_cat-aluminium-profilok","7":"product_cat-teto","9":"first","10":"instock","11":"taxable","12":"shipping-taxable","13":"purchasable","14":"product-type-simple"},"acf":[],"_links":{"self":[{"href":"https:\/\/www.tophlinik.sk\/hu\/wp-json\/wp\/v2\/product\/3628","targetHints":{"allow":["GET"]}}],"collection":[{"href":"https:\/\/www.tophlinik.sk\/hu\/wp-json\/wp\/v2\/product"}],"about":[{"href":"https:\/\/www.tophlinik.sk\/hu\/wp-json\/wp\/v2\/types\/product"}],"wp:featuredmedia":[{"embeddable":true,"href":"https:\/\/www.tophlinik.sk\/hu\/wp-json\/wp\/v2\/media\/1870"}],"wp:attachment":[{"href":"https:\/\/www.tophlinik.sk\/hu\/wp-json\/wp\/v2\/media?parent=3628"}],"wp:term":[{"taxonomy":"product_brand","embeddable":true,"href":"https:\/\/www.tophlinik.sk\/hu\/wp-json\/wp\/v2\/product_brand?post=3628"},{"taxonomy":"product_cat","embeddable":true,"href":"https:\/\/www.tophlinik.sk\/hu\/wp-json\/wp\/v2\/product_cat?post=3628"},{"taxonomy":"product_tag","embeddable":true,"href":"https:\/\/www.tophlinik.sk\/hu\/wp-json\/wp\/v2\/product_tag?post=3628"}],"curies":[{"name":"wp","href":"https:\/\/api.w.org\/{rel}","templated":true}]}}