{"id":3630,"date":"2024-11-07T18:24:34","date_gmt":"2024-11-07T17:24:34","guid":{"rendered":"https:\/\/www.tophlinik.sk\/produkt\/aluminium-yokel-teglalap-alaku\/"},"modified":"2025-11-05T10:58:43","modified_gmt":"2025-11-05T09:58:43","slug":"aluminium-yokel-teglalap-alaku","status":"publish","type":"product","link":"https:\/\/www.tophlinik.sk\/hu\/produkt\/aluminium-yokel-teglalap-alaku\/","title":{"rendered":"Alum\u00ednium yokel (100x60x3x7200)"},"content":{"rendered":"<p>A 100x60x3 mm m\u00e9ret\u0171 \u00e9s 7200 mm hossz\u00fas\u00e1g\u00fa alum\u00ednium jokel ide\u00e1lis k\u00fcl\u00f6nb\u00f6z\u0151 \u00e9p\u00edt\u00e9si projektekhez. K\u00f6nny\u0171, de er\u0151s alum\u00edniumb\u00f3l k\u00e9sz\u00fclt, amely ellen\u00e1ll a korr\u00f3zi\u00f3nak \u00e9s hossz\u00fa \u00e9lettartamot biztos\u00edt. Alkalmas belt\u00e9ri \u00e9s k\u00fclt\u00e9ri haszn\u00e1latra, felhaszn\u00e1lhat\u00f3 keretek, tart\u00f3szerkezetek vagy egy\u00e9b m\u0171szaki megold\u00e1sok \u00e9p\u00edt\u00e9s\u00e9hez.<\/p>\n","protected":false},"excerpt":{"rendered":"<p>Alum\u00ednium yokel 100x60x3x7200 mm, hossz 7200 mm. Alkalmas az \u00e9p\u00edt\u0151iparban, k\u00f6nny\u0171 \u00e9s korr\u00f3zi\u00f3\u00e1ll\u00f3.<\/p>\n","protected":false},"featured_media":1822,"template":"","meta":{"_acf_changed":false},"product_brand":[],"product_cat":[115,114],"product_tag":[],"class_list":{"0":"post-3630","1":"product","2":"type-product","3":"status-publish","4":"has-post-thumbnail","6":"product_cat-aluminium-profilok","7":"product_cat-konstrukcio","9":"first","10":"instock","11":"taxable","12":"shipping-taxable","13":"purchasable","14":"product-type-variable"},"acf":[],"_links":{"self":[{"href":"https:\/\/www.tophlinik.sk\/hu\/wp-json\/wp\/v2\/product\/3630","targetHints":{"allow":["GET"]}}],"collection":[{"href":"https:\/\/www.tophlinik.sk\/hu\/wp-json\/wp\/v2\/product"}],"about":[{"href":"https:\/\/www.tophlinik.sk\/hu\/wp-json\/wp\/v2\/types\/product"}],"wp:featuredmedia":[{"embeddable":true,"href":"https:\/\/www.tophlinik.sk\/hu\/wp-json\/wp\/v2\/media\/1822"}],"wp:attachment":[{"href":"https:\/\/www.tophlinik.sk\/hu\/wp-json\/wp\/v2\/media?parent=3630"}],"wp:term":[{"taxonomy":"product_brand","embeddable":true,"href":"https:\/\/www.tophlinik.sk\/hu\/wp-json\/wp\/v2\/product_brand?post=3630"},{"taxonomy":"product_cat","embeddable":true,"href":"https:\/\/www.tophlinik.sk\/hu\/wp-json\/wp\/v2\/product_cat?post=3630"},{"taxonomy":"product_tag","embeddable":true,"href":"https:\/\/www.tophlinik.sk\/hu\/wp-json\/wp\/v2\/product_tag?post=3630"}],"curies":[{"name":"wp","href":"https:\/\/api.w.org\/{rel}","templated":true}]}}