{"id":5013,"date":"2024-11-07T20:42:07","date_gmt":"2024-11-07T19:42:07","guid":{"rendered":"https:\/\/www.tophlinik.sk\/produkt\/pb-600\/"},"modified":"2026-01-05T15:40:17","modified_gmt":"2026-01-05T14:40:17","slug":"pb-600","status":"publish","type":"product","link":"https:\/\/www.tophlinik.sk\/hu\/produkt\/pb-600\/","title":{"rendered":"PB 600"},"content":{"rendered":"<p>Nagyobb terekbe tervezt\u00e9k, szimmetrikus nyit\u00e1s lehet\u0151s\u00e9g\u00e9vel a k\u00f6z\u00e9ppontt\u00f3l a sz\u00e9l\u00e9ig. Ez a rendszer eleg\u00e1ns \u00e9s harmonikus hat\u00e1st kelt, lehet\u0151v\u00e9 t\u00e9ve a t\u00e9r nagym\u00e9rt\u00e9k\u0171 megnyit\u00e1s\u00e1t minim\u00e1lis vizu\u00e1lis zavar\u00e1s mellett. <\/p>\n","protected":false},"excerpt":{"rendered":"<p>Cs\u00fasztathat\u00f3 keret n\u00e9lk\u00fcli rendszer tiszta kialak\u00edt\u00e1ssal a maxim\u00e1lis \u00e1tl\u00e1that\u00f3s\u00e1g \u00e9rdek\u00e9ben. Ide\u00e1lis a bels\u0151 \u00e9s a k\u00fcls\u0151 t\u00e9r eleg\u00e1ns \u00f6sszekapcsol\u00e1s\u00e1ra. <\/p>\n","protected":false},"featured_media":790,"template":"","meta":{"_acf_changed":false},"product_brand":[],"product_cat":[186,187],"product_tag":[],"class_list":{"0":"post-5013","1":"product","2":"type-product","3":"status-publish","4":"has-post-thumbnail","6":"product_cat-tolorendszerek","7":"product_cat-keret-nelkuli-csuszo","8":"pa_rozdelenie-posuvov-6-d-fuggony-hat-darabos-rendszer","9":"pa_smer-odtahovania-kozeprol-oldalra","10":"pa_typ-skla-esg-float-6-mm-atlatszo","12":"first","13":"instock","14":"taxable","15":"shipping-taxable","16":"purchasable","17":"product-type-variable"},"acf":[],"_links":{"self":[{"href":"https:\/\/www.tophlinik.sk\/hu\/wp-json\/wp\/v2\/product\/5013","targetHints":{"allow":["GET"]}}],"collection":[{"href":"https:\/\/www.tophlinik.sk\/hu\/wp-json\/wp\/v2\/product"}],"about":[{"href":"https:\/\/www.tophlinik.sk\/hu\/wp-json\/wp\/v2\/types\/product"}],"wp:featuredmedia":[{"embeddable":true,"href":"https:\/\/www.tophlinik.sk\/hu\/wp-json\/wp\/v2\/media\/790"}],"wp:attachment":[{"href":"https:\/\/www.tophlinik.sk\/hu\/wp-json\/wp\/v2\/media?parent=5013"}],"wp:term":[{"taxonomy":"product_brand","embeddable":true,"href":"https:\/\/www.tophlinik.sk\/hu\/wp-json\/wp\/v2\/product_brand?post=5013"},{"taxonomy":"product_cat","embeddable":true,"href":"https:\/\/www.tophlinik.sk\/hu\/wp-json\/wp\/v2\/product_cat?post=5013"},{"taxonomy":"product_tag","embeddable":true,"href":"https:\/\/www.tophlinik.sk\/hu\/wp-json\/wp\/v2\/product_tag?post=5013"}],"curies":[{"name":"wp","href":"https:\/\/api.w.org\/{rel}","templated":true}]}}