{"id":5153,"date":"2024-11-07T20:40:34","date_gmt":"2024-11-07T19:40:34","guid":{"rendered":"https:\/\/www.tophlinik.sk\/produkt\/pr-600\/"},"modified":"2026-01-05T15:39:22","modified_gmt":"2026-01-05T14:39:22","slug":"pr-600","status":"publish","type":"product","link":"https:\/\/www.tophlinik.sk\/hu\/produkt\/pr-600\/","title":{"rendered":"PR 600"},"content":{"rendered":"<p>A hat darabb\u00f3l \u00e1ll\u00f3 rendszer (PR 600) a k\u00f6z\u00e9pen \u00e9s a sz\u00e9leken is ny\u00edl\u00f3 f\u00fcgg\u00f6nyt k\u00edn\u00e1l, amely lehet\u0151v\u00e9 teszi a nyitott t\u00e9r maxim\u00e1lis kihaszn\u00e1l\u00e1s\u00e1t. Ezt a rendszert olyan nagy terekbe tervezt\u00e9k, ahol k\u00e9t z\u00f3n\u00e1t eleg\u00e1nsan \u00e9s szimmetrikusan kell elv\u00e1lasztani vagy \u00f6sszekapcsolni. A hat panelnek k\u00f6sz\u00f6nhet\u0151en a t\u00e9r jelent\u0151s r\u00e9sze megnyithat\u00f3, harmonikus \u00e1tmenetet teremtve a helyis\u00e9gek k\u00f6z\u00f6tt. A robusztus alum\u00edniumkeret stabilit\u00e1st \u00e9s hossz\u00fa \u00e9lettartamot biztos\u00edt.<\/p>\n","protected":false},"excerpt":{"rendered":"<p>Alum\u00ednium keretes tol\u00f3rendszerek. Ide\u00e1lis modern terekbe, g\u00f6rd\u00fcl\u00e9keny nyit\u00e1ssal.<\/p>\n","protected":false},"featured_media":800,"template":"","meta":{"_acf_changed":false},"product_brand":[],"product_cat":[186,189],"product_tag":[],"class_list":{"0":"post-5153","1":"product","2":"type-product","3":"status-publish","4":"has-post-thumbnail","6":"product_cat-tolorendszerek","7":"product_cat-keretes-tolorendszer","8":"pa_rozdelenie-posuvov-6-d-fuggony-hat-darabos-rendszer","9":"pa_smer-odtahovania-kozeprol-oldalra","10":"pa_typ-skla-izo-4-6-4-atlatszo","11":"pa_typ-skla-izo-4-6-4-bronz-hu","12":"pa_typ-skla-izo-4-6-4-tejuveg","13":"pa_typ-skla-vsg-33-1-atlatszo","14":"pa_typ-skla-vsg-33-1-bronz-hu","15":"pa_typ-skla-vsg-33-1-tejuveg","16":"pa_typ-skla-vsg-44-1-atlatszo","17":"pa_typ-skla-vsg-44-1-bronz-hu","18":"pa_typ-skla-vsg-44-1-tejuveg","19":"pa_typ-skla-vsg-44-1-tukor-fustos","21":"first","22":"instock","23":"taxable","24":"shipping-taxable","25":"purchasable","26":"product-type-variable"},"acf":[],"_links":{"self":[{"href":"https:\/\/www.tophlinik.sk\/hu\/wp-json\/wp\/v2\/product\/5153","targetHints":{"allow":["GET"]}}],"collection":[{"href":"https:\/\/www.tophlinik.sk\/hu\/wp-json\/wp\/v2\/product"}],"about":[{"href":"https:\/\/www.tophlinik.sk\/hu\/wp-json\/wp\/v2\/types\/product"}],"wp:featuredmedia":[{"embeddable":true,"href":"https:\/\/www.tophlinik.sk\/hu\/wp-json\/wp\/v2\/media\/800"}],"wp:attachment":[{"href":"https:\/\/www.tophlinik.sk\/hu\/wp-json\/wp\/v2\/media?parent=5153"}],"wp:term":[{"taxonomy":"product_brand","embeddable":true,"href":"https:\/\/www.tophlinik.sk\/hu\/wp-json\/wp\/v2\/product_brand?post=5153"},{"taxonomy":"product_cat","embeddable":true,"href":"https:\/\/www.tophlinik.sk\/hu\/wp-json\/wp\/v2\/product_cat?post=5153"},{"taxonomy":"product_tag","embeddable":true,"href":"https:\/\/www.tophlinik.sk\/hu\/wp-json\/wp\/v2\/product_tag?post=5153"}],"curies":[{"name":"wp","href":"https:\/\/api.w.org\/{rel}","templated":true}]}}