{"id":5235,"date":"2024-11-07T20:39:17","date_gmt":"2024-11-07T19:39:17","guid":{"rendered":"https:\/\/www.tophlinik.sk\/produkt\/pr-400\/"},"modified":"2026-01-05T15:38:44","modified_gmt":"2026-01-05T14:38:44","slug":"pr-400","status":"publish","type":"product","link":"https:\/\/www.tophlinik.sk\/hu\/produkt\/pr-400\/","title":{"rendered":"PR 400"},"content":{"rendered":"<p>A n\u00e9gyr\u00e9szes tol\u00f3rendszer (PR 400) kiv\u00e1l\u00f3 v\u00e1laszt\u00e1s nagyobb terekbe, ahol a helyis\u00e9g nagyobb r\u00e9sz\u00e9t kell megnyitni. Ez a t\u00edpus m\u00e9g sz\u00e9lesebb ny\u00edl\u00e1st tesz lehet\u0151v\u00e9, \u00edgy z\u00f6kken\u0151mentes kapcsolatot teremt a belt\u00e9ri \u00e9s a k\u00fclt\u00e9ri z\u00f3n\u00e1k k\u00f6z\u00f6tt. A rendszert \u00fagy tervezt\u00e9k, hogy a panelek k\u00f6nnyed\u00e9n \u00e9s sim\u00e1n, k\u00fcl\u00f6n\u00f6sebb er\u0151fesz\u00edt\u00e9s n\u00e9lk\u00fcl cs\u00fasztathat\u00f3k legyenek, a tart\u00f3s alum\u00edniumszerkezet pedig a legkem\u00e9nyebb k\u00f6r\u00fclm\u00e9nyeknek is ellen\u00e1ll.<\/p>\n","protected":false},"excerpt":{"rendered":"<p>Alum\u00edniumkeretes tol\u00f3rendszerek. Ide\u00e1lis modern terekbe, g\u00f6rd\u00fcl\u00e9keny nyit\u00e1ssal.<\/p>\n","protected":false},"featured_media":798,"template":"","meta":{"_acf_changed":false},"product_brand":[],"product_cat":[186,189],"product_tag":[],"class_list":{"0":"post-5235","1":"product","2":"type-product","3":"status-publish","4":"has-post-thumbnail","6":"product_cat-tolorendszerek","7":"product_cat-keretes-tolorendszer","8":"pa_rozdelenie-posuvov-4-d-fuggony-negy-darabos-rendszer","9":"pa_smer-odtahovania-balra","10":"pa_smer-odtahovania-jobbra","11":"pa_typ-skla-izo-4-6-4-atlatszo","12":"pa_typ-skla-izo-4-6-4-bronz-hu","13":"pa_typ-skla-izo-4-6-4-tejuveg","14":"pa_typ-skla-vsg-33-1-atlatszo","15":"pa_typ-skla-vsg-33-1-bronz-hu","16":"pa_typ-skla-vsg-33-1-tejuveg","17":"pa_typ-skla-vsg-44-1-atlatszo","18":"pa_typ-skla-vsg-44-1-bronz-hu","19":"pa_typ-skla-vsg-44-1-tejuveg","20":"pa_typ-skla-vsg-44-1-tukor-fustos","22":"first","23":"instock","24":"taxable","25":"shipping-taxable","26":"purchasable","27":"product-type-variable"},"acf":[],"_links":{"self":[{"href":"https:\/\/www.tophlinik.sk\/hu\/wp-json\/wp\/v2\/product\/5235","targetHints":{"allow":["GET"]}}],"collection":[{"href":"https:\/\/www.tophlinik.sk\/hu\/wp-json\/wp\/v2\/product"}],"about":[{"href":"https:\/\/www.tophlinik.sk\/hu\/wp-json\/wp\/v2\/types\/product"}],"wp:featuredmedia":[{"embeddable":true,"href":"https:\/\/www.tophlinik.sk\/hu\/wp-json\/wp\/v2\/media\/798"}],"wp:attachment":[{"href":"https:\/\/www.tophlinik.sk\/hu\/wp-json\/wp\/v2\/media?parent=5235"}],"wp:term":[{"taxonomy":"product_brand","embeddable":true,"href":"https:\/\/www.tophlinik.sk\/hu\/wp-json\/wp\/v2\/product_brand?post=5235"},{"taxonomy":"product_cat","embeddable":true,"href":"https:\/\/www.tophlinik.sk\/hu\/wp-json\/wp\/v2\/product_cat?post=5235"},{"taxonomy":"product_tag","embeddable":true,"href":"https:\/\/www.tophlinik.sk\/hu\/wp-json\/wp\/v2\/product_tag?post=5235"}],"curies":[{"name":"wp","href":"https:\/\/api.w.org\/{rel}","templated":true}]}}