{"id":5397,"date":"2024-11-07T20:38:04","date_gmt":"2024-11-07T19:38:04","guid":{"rendered":"https:\/\/www.tophlinik.sk\/produkt\/pr-300\/"},"modified":"2026-01-05T15:38:31","modified_gmt":"2026-01-05T14:38:31","slug":"pr-300","status":"publish","type":"product","link":"https:\/\/www.tophlinik.sk\/hu\/produkt\/pr-300\/","title":{"rendered":"PR 300"},"content":{"rendered":"<p>A h\u00e1romr\u00e9szes rendszer (PR 300) nagyobb variabilit\u00e1st biztos\u00edt a k\u00f6zepes m\u00e9ret\u0171 terek sz\u00e1m\u00e1ra. A h\u00e1rom tol\u00f3panel seg\u00edts\u00e9g\u00e9vel ez a rendszer nagyobb ter\u00fcletre nyithat\u00f3, \u00edgy rugalmasabban \u00f6sszekapcsolhat\u00f3k a helyis\u00e9gek vagy a k\u00fcls\u0151 z\u00f3n\u00e1k. Ide\u00e1lis azok sz\u00e1m\u00e1ra, akik egyens\u00falyt keresnek a funkcionalit\u00e1s \u00e9s az eszt\u00e9tika k\u00f6z\u00f6tt, az alum\u00edniumkeretes kialak\u00edt\u00e1s pedig kort\u00e1rs megjelen\u00e9st k\u00f6lcs\u00f6n\u00f6z.  <\/p>\n","protected":false},"excerpt":{"rendered":"<p>Alum\u00edniumkeretes tol\u00f3rendszerek. Ide\u00e1lis modern terekbe, g\u00f6rd\u00fcl\u00e9keny nyit\u00e1ssal. <\/p>\n","protected":false},"featured_media":796,"template":"","meta":{"_acf_changed":false},"product_brand":[],"product_cat":[186,189],"product_tag":[],"class_list":{"0":"post-5397","1":"product","2":"type-product","3":"status-publish","4":"has-post-thumbnail","6":"product_cat-tolorendszerek","7":"product_cat-keretes-tolorendszer","8":"pa_rozdelenie-posuvov-3-d-harom-darabos-rendszer","9":"pa_smer-odtahovania-balra","10":"pa_smer-odtahovania-jobbra","11":"pa_typ-skla-izo-4-6-4-atlatszo","12":"pa_typ-skla-izo-4-6-4-bronz-hu","13":"pa_typ-skla-izo-4-6-4-tejuveg","14":"pa_typ-skla-vsg-33-1-atlatszo","15":"pa_typ-skla-vsg-33-1-bronz-hu","16":"pa_typ-skla-vsg-33-1-tejuveg","17":"pa_typ-skla-vsg-44-1-atlatszo","18":"pa_typ-skla-vsg-44-1-bronz-hu","19":"pa_typ-skla-vsg-44-1-tejuveg","20":"pa_typ-skla-vsg-44-1-tukor-fustos","22":"first","23":"instock","24":"taxable","25":"shipping-taxable","26":"purchasable","27":"product-type-variable"},"acf":[],"_links":{"self":[{"href":"https:\/\/www.tophlinik.sk\/hu\/wp-json\/wp\/v2\/product\/5397","targetHints":{"allow":["GET"]}}],"collection":[{"href":"https:\/\/www.tophlinik.sk\/hu\/wp-json\/wp\/v2\/product"}],"about":[{"href":"https:\/\/www.tophlinik.sk\/hu\/wp-json\/wp\/v2\/types\/product"}],"wp:featuredmedia":[{"embeddable":true,"href":"https:\/\/www.tophlinik.sk\/hu\/wp-json\/wp\/v2\/media\/796"}],"wp:attachment":[{"href":"https:\/\/www.tophlinik.sk\/hu\/wp-json\/wp\/v2\/media?parent=5397"}],"wp:term":[{"taxonomy":"product_brand","embeddable":true,"href":"https:\/\/www.tophlinik.sk\/hu\/wp-json\/wp\/v2\/product_brand?post=5397"},{"taxonomy":"product_cat","embeddable":true,"href":"https:\/\/www.tophlinik.sk\/hu\/wp-json\/wp\/v2\/product_cat?post=5397"},{"taxonomy":"product_tag","embeddable":true,"href":"https:\/\/www.tophlinik.sk\/hu\/wp-json\/wp\/v2\/product_tag?post=5397"}],"curies":[{"name":"wp","href":"https:\/\/api.w.org\/{rel}","templated":true}]}}